{"id":334,"date":"2025-11-25T12:56:18","date_gmt":"2025-11-25T11:56:18","guid":{"rendered":"https:\/\/ctmanual.cat\/?page_id=334"},"modified":"2025-11-25T21:57:57","modified_gmt":"2025-11-25T20:57:57","slug":"servicios","status":"publish","type":"page","link":"https:\/\/ctmanual.cat\/es\/servicios\/","title":{"rendered":"Servicios"},"content":{"rendered":"<div class=\"fusion-fullwidth fullwidth-box fusion-builder-row-1 fusion-flex-container has-pattern-background has-mask-background hundred-percent-fullwidth non-hundred-percent-height-scrolling\" style=\"--awb-border-radius-top-left:0px;--awb-border-radius-top-right:0px;--awb-border-radius-bottom-right:0px;--awb-border-radius-bottom-left:0px;--awb-padding-right:0px;--awb-padding-left:0px;--awb-padding-right-small:20px;--awb-padding-left-small:20px;--awb-flex-wrap:wrap;\" ><div class=\"fusion-builder-row fusion-row fusion-flex-align-items-stretch fusion-flex-content-wrap\" style=\"width:104% !important;max-width:104% !important;margin-left: calc(-4% \/ 2 );margin-right: calc(-4% \/ 2 );\"><div class=\"fusion-layout-column fusion_builder_column fusion-builder-column-0 fusion_builder_column_1_1 1_1 fusion-flex-column\" style=\"--awb-bg-size:cover;--awb-width-large:100%;--awb-margin-top-large:0px;--awb-spacing-right-large:1.92%;--awb-margin-bottom-large:20px;--awb-spacing-left-large:1.92%;--awb-width-medium:100%;--awb-order-medium:0;--awb-spacing-right-medium:1.92%;--awb-spacing-left-medium:1.92%;--awb-width-small:100%;--awb-order-small:0;--awb-spacing-right-small:1.92%;--awb-spacing-left-small:1.92%;\"><div class=\"fusion-column-wrapper fusion-column-has-shadow fusion-flex-justify-content-flex-start fusion-content-layout-column\"><div class=\"fusion-text fusion-text-1\"><p>En fisioterapia es fundamental un enfoque global para garantizar un tratamiento \u00f3ptimo. Sin embargo, seg\u00fan el or\u00edgen y las particularidades de cada caso, es necesario combinar esta visi\u00f3n con t\u00e9cnicas espec\u00edficas.<\/p>\n<\/div><\/div><\/div><div class=\"fusion-layout-column fusion_builder_column fusion-builder-column-1 fusion_builder_column_1_3 1_3 fusion-flex-column\" style=\"--awb-padding-top:30px;--awb-padding-right:30px;--awb-padding-bottom:15px;--awb-padding-left:30px;--awb-overflow:hidden;--awb-bg-color:var(--awb-color5);--awb-bg-color-hover:var(--awb-color5);--awb-bg-size:cover;--awb-border-radius:15px 15px 15px 15px;--awb-width-large:33.333333333333%;--awb-margin-top-large:0px;--awb-spacing-right-large:5.76%;--awb-margin-bottom-large:30px;--awb-spacing-left-large:5.76%;--awb-width-medium:33.333333333333%;--awb-order-medium:0;--awb-spacing-right-medium:5.76%;--awb-spacing-left-medium:5.76%;--awb-width-small:100%;--awb-order-small:0;--awb-spacing-right-small:1.92%;--awb-spacing-left-small:1.92%;\" data-scroll-devices=\"small-visibility,medium-visibility,large-visibility\"><div class=\"fusion-column-wrapper fusion-column-has-shadow fusion-flex-justify-content-flex-start fusion-content-layout-column\"><div class=\"fusion-image-element \" style=\"--awb-caption-title-font-family:var(--h2_typography-font-family);--awb-caption-title-font-weight:var(--h2_typography-font-weight);--awb-caption-title-font-style:var(--h2_typography-font-style);--awb-caption-title-size:var(--h2_typography-font-size);--awb-caption-title-transform:var(--h2_typography-text-transform);--awb-caption-title-line-height:var(--h2_typography-line-height);--awb-caption-title-letter-spacing:var(--h2_typography-letter-spacing);\"><span class=\" fusion-imageframe imageframe-none imageframe-1 hover-type-none\" style=\"border-radius:15px;\"><img decoding=\"async\" width=\"500\" height=\"500\" title=\"Fisioter\u00e0pia esportiva\" src=\"https:\/\/ctmanual.cat\/wp-content\/uploads\/2025\/11\/Fisioterapia-esportiva.jpg\" alt class=\"img-responsive wp-image-324\" srcset=\"https:\/\/ctmanual.cat\/wp-content\/uploads\/2025\/11\/Fisioterapia-esportiva-200x200.jpg 200w, https:\/\/ctmanual.cat\/wp-content\/uploads\/2025\/11\/Fisioterapia-esportiva-400x400.jpg 400w, https:\/\/ctmanual.cat\/wp-content\/uploads\/2025\/11\/Fisioterapia-esportiva.jpg 500w\" sizes=\"(max-width: 640px) 100vw, 500px\" \/><\/span><\/div><div class=\"fusion-text fusion-text-2\" style=\"--awb-font-size:28px;--awb-text-color:var(--awb-color1);--awb-margin-top:20px;\"><p style=\"text-align: center;\"><strong>Fisioterapia<\/strong><br \/>\n<strong>deportiva<\/strong><\/p>\n<\/div><\/div><\/div><div class=\"fusion-layout-column fusion_builder_column fusion-builder-column-2 fusion_builder_column_1_3 1_3 fusion-flex-column\" style=\"--awb-padding-top:30px;--awb-padding-right:30px;--awb-padding-bottom:15px;--awb-padding-left:30px;--awb-overflow:hidden;--awb-bg-color:var(--awb-color5);--awb-bg-color-hover:var(--awb-color5);--awb-bg-size:cover;--awb-border-radius:15px 15px 15px 15px;--awb-width-large:33.333333333333%;--awb-margin-top-large:0px;--awb-spacing-right-large:5.76%;--awb-margin-bottom-large:30px;--awb-spacing-left-large:5.76%;--awb-width-medium:33.333333333333%;--awb-order-medium:0;--awb-spacing-right-medium:5.76%;--awb-spacing-left-medium:5.76%;--awb-width-small:100%;--awb-order-small:0;--awb-spacing-right-small:1.92%;--awb-spacing-left-small:1.92%;\" data-scroll-devices=\"small-visibility,medium-visibility,large-visibility\"><div class=\"fusion-column-wrapper fusion-column-has-shadow fusion-flex-justify-content-flex-start fusion-content-layout-column\"><div class=\"fusion-image-element \" style=\"--awb-caption-title-font-family:var(--h2_typography-font-family);--awb-caption-title-font-weight:var(--h2_typography-font-weight);--awb-caption-title-font-style:var(--h2_typography-font-style);--awb-caption-title-size:var(--h2_typography-font-size);--awb-caption-title-transform:var(--h2_typography-text-transform);--awb-caption-title-line-height:var(--h2_typography-line-height);--awb-caption-title-letter-spacing:var(--h2_typography-letter-spacing);\"><span class=\" fusion-imageframe imageframe-none imageframe-2 hover-type-none\" style=\"border-radius:15px;\"><img decoding=\"async\" width=\"500\" height=\"500\" title=\"Fisioter\u00e0pia traumatol\u00f2gica\" src=\"https:\/\/ctmanual.cat\/wp-content\/uploads\/2025\/11\/Fisioterapia-traumatologica.jpg\" alt class=\"img-responsive wp-image-325\" srcset=\"https:\/\/ctmanual.cat\/wp-content\/uploads\/2025\/11\/Fisioterapia-traumatologica-200x200.jpg 200w, https:\/\/ctmanual.cat\/wp-content\/uploads\/2025\/11\/Fisioterapia-traumatologica-400x400.jpg 400w, https:\/\/ctmanual.cat\/wp-content\/uploads\/2025\/11\/Fisioterapia-traumatologica.jpg 500w\" sizes=\"(max-width: 640px) 100vw, 500px\" \/><\/span><\/div><div class=\"fusion-text fusion-text-3\" style=\"--awb-font-size:28px;--awb-text-color:var(--awb-color1);--awb-margin-top:20px;\"><p style=\"text-align: center;\"><strong>Fisioterapia<\/strong><br \/>\n<strong>traumatol\u00f3gica<\/strong><\/p>\n<\/div><\/div><\/div><div class=\"fusion-layout-column fusion_builder_column fusion-builder-column-3 fusion_builder_column_1_3 1_3 fusion-flex-column\" style=\"--awb-padding-top:30px;--awb-padding-right:30px;--awb-padding-bottom:15px;--awb-padding-left:30px;--awb-overflow:hidden;--awb-bg-color:var(--awb-color5);--awb-bg-color-hover:var(--awb-color5);--awb-bg-size:cover;--awb-border-radius:15px 15px 15px 15px;--awb-width-large:33.333333333333%;--awb-margin-top-large:0px;--awb-spacing-right-large:5.76%;--awb-margin-bottom-large:30px;--awb-spacing-left-large:5.76%;--awb-width-medium:33.333333333333%;--awb-order-medium:0;--awb-spacing-right-medium:5.76%;--awb-spacing-left-medium:5.76%;--awb-width-small:100%;--awb-order-small:0;--awb-spacing-right-small:1.92%;--awb-spacing-left-small:1.92%;\" data-scroll-devices=\"small-visibility,medium-visibility,large-visibility\"><div class=\"fusion-column-wrapper fusion-column-has-shadow fusion-flex-justify-content-flex-start fusion-content-layout-column\"><div class=\"fusion-image-element \" style=\"--awb-caption-title-font-family:var(--h2_typography-font-family);--awb-caption-title-font-weight:var(--h2_typography-font-weight);--awb-caption-title-font-style:var(--h2_typography-font-style);--awb-caption-title-size:var(--h2_typography-font-size);--awb-caption-title-transform:var(--h2_typography-text-transform);--awb-caption-title-line-height:var(--h2_typography-line-height);--awb-caption-title-letter-spacing:var(--h2_typography-letter-spacing);\"><span class=\" fusion-imageframe imageframe-none imageframe-3 hover-type-none\" style=\"border-radius:15px;\"><img decoding=\"async\" width=\"500\" height=\"500\" title=\"Fisioter\u00e0pia visceral\" src=\"https:\/\/ctmanual.cat\/wp-content\/uploads\/2025\/11\/Fisioterapia-visceral.webp\" alt class=\"img-responsive wp-image-326\" srcset=\"https:\/\/ctmanual.cat\/wp-content\/uploads\/2025\/11\/Fisioterapia-visceral-200x200.webp 200w, https:\/\/ctmanual.cat\/wp-content\/uploads\/2025\/11\/Fisioterapia-visceral-400x400.webp 400w, https:\/\/ctmanual.cat\/wp-content\/uploads\/2025\/11\/Fisioterapia-visceral.webp 500w\" sizes=\"(max-width: 640px) 100vw, 500px\" \/><\/span><\/div><div class=\"fusion-text fusion-text-4\" style=\"--awb-font-size:28px;--awb-text-color:var(--awb-color1);--awb-margin-top:20px;\"><p style=\"text-align: center;\"><strong>Fisioterapia<\/strong><br \/>\n<strong>visceral<\/strong><\/p>\n<\/div><\/div><\/div><div class=\"fusion-layout-column fusion_builder_column fusion-builder-column-4 fusion_builder_column_1_3 1_3 fusion-flex-column\" style=\"--awb-padding-top:30px;--awb-padding-right:30px;--awb-padding-bottom:15px;--awb-padding-left:30px;--awb-overflow:hidden;--awb-bg-color:var(--awb-color5);--awb-bg-color-hover:var(--awb-color5);--awb-bg-size:cover;--awb-border-radius:15px 15px 15px 15px;--awb-width-large:33.333333333333%;--awb-margin-top-large:0px;--awb-spacing-right-large:5.76%;--awb-margin-bottom-large:30px;--awb-spacing-left-large:5.76%;--awb-width-medium:33.333333333333%;--awb-order-medium:0;--awb-spacing-right-medium:5.76%;--awb-spacing-left-medium:5.76%;--awb-width-small:100%;--awb-order-small:0;--awb-spacing-right-small:1.92%;--awb-spacing-left-small:1.92%;\" data-scroll-devices=\"small-visibility,medium-visibility,large-visibility\"><div class=\"fusion-column-wrapper fusion-column-has-shadow fusion-flex-justify-content-flex-start fusion-content-layout-column\"><div class=\"fusion-image-element \" style=\"--awb-caption-title-font-family:var(--h2_typography-font-family);--awb-caption-title-font-weight:var(--h2_typography-font-weight);--awb-caption-title-font-style:var(--h2_typography-font-style);--awb-caption-title-size:var(--h2_typography-font-size);--awb-caption-title-transform:var(--h2_typography-text-transform);--awb-caption-title-line-height:var(--h2_typography-line-height);--awb-caption-title-letter-spacing:var(--h2_typography-letter-spacing);\"><span class=\" fusion-imageframe imageframe-none imageframe-4 hover-type-none\" style=\"border-radius:15px;\"><img decoding=\"async\" width=\"500\" height=\"500\" title=\"Fisioter\u00e0pia neurol\u00f2gica\" src=\"https:\/\/ctmanual.cat\/wp-content\/uploads\/2025\/11\/Fisioterapia-neurologica.jpg\" alt class=\"img-responsive wp-image-327\" srcset=\"https:\/\/ctmanual.cat\/wp-content\/uploads\/2025\/11\/Fisioterapia-neurologica-200x200.jpg 200w, https:\/\/ctmanual.cat\/wp-content\/uploads\/2025\/11\/Fisioterapia-neurologica-400x400.jpg 400w, https:\/\/ctmanual.cat\/wp-content\/uploads\/2025\/11\/Fisioterapia-neurologica.jpg 500w\" sizes=\"(max-width: 640px) 100vw, 500px\" \/><\/span><\/div><div class=\"fusion-text fusion-text-5\" style=\"--awb-font-size:28px;--awb-text-color:var(--awb-color1);--awb-margin-top:20px;\"><p style=\"text-align: center;\"><strong>Fisioterapia<\/strong><br \/>\n<strong>neurol\u00f3gica<\/strong><\/p>\n<\/div><\/div><\/div><div class=\"fusion-layout-column fusion_builder_column fusion-builder-column-5 fusion_builder_column_1_3 1_3 fusion-flex-column\" style=\"--awb-padding-top:30px;--awb-padding-right:30px;--awb-padding-bottom:15px;--awb-padding-left:30px;--awb-overflow:hidden;--awb-bg-color:var(--awb-color5);--awb-bg-color-hover:var(--awb-color5);--awb-bg-size:cover;--awb-border-radius:15px 15px 15px 15px;--awb-width-large:33.333333333333%;--awb-margin-top-large:0px;--awb-spacing-right-large:5.76%;--awb-margin-bottom-large:30px;--awb-spacing-left-large:5.76%;--awb-width-medium:33.333333333333%;--awb-order-medium:0;--awb-spacing-right-medium:5.76%;--awb-spacing-left-medium:5.76%;--awb-width-small:100%;--awb-order-small:0;--awb-spacing-right-small:1.92%;--awb-spacing-left-small:1.92%;\" data-scroll-devices=\"small-visibility,medium-visibility,large-visibility\"><div class=\"fusion-column-wrapper fusion-column-has-shadow fusion-flex-justify-content-flex-start fusion-content-layout-column\"><div class=\"fusion-image-element \" style=\"--awb-caption-title-font-family:var(--h2_typography-font-family);--awb-caption-title-font-weight:var(--h2_typography-font-weight);--awb-caption-title-font-style:var(--h2_typography-font-style);--awb-caption-title-size:var(--h2_typography-font-size);--awb-caption-title-transform:var(--h2_typography-text-transform);--awb-caption-title-line-height:var(--h2_typography-line-height);--awb-caption-title-letter-spacing:var(--h2_typography-letter-spacing);\"><span class=\" fusion-imageframe imageframe-none imageframe-5 hover-type-none\" style=\"border-radius:15px;\"><img decoding=\"async\" width=\"500\" height=\"500\" title=\"Fisioter\u00e0pia respirat\u00f2ria\" src=\"https:\/\/ctmanual.cat\/wp-content\/uploads\/2025\/11\/Fisioterapia-respiratoria.jpg\" alt class=\"img-responsive wp-image-328\" srcset=\"https:\/\/ctmanual.cat\/wp-content\/uploads\/2025\/11\/Fisioterapia-respiratoria-200x200.jpg 200w, https:\/\/ctmanual.cat\/wp-content\/uploads\/2025\/11\/Fisioterapia-respiratoria-400x400.jpg 400w, https:\/\/ctmanual.cat\/wp-content\/uploads\/2025\/11\/Fisioterapia-respiratoria.jpg 500w\" sizes=\"(max-width: 640px) 100vw, 500px\" \/><\/span><\/div><div class=\"fusion-text fusion-text-6\" style=\"--awb-font-size:28px;--awb-text-color:var(--awb-color1);--awb-margin-top:20px;\"><p style=\"text-align: center;\"><strong>Fisioterapia<\/strong><br \/>\n<strong>respiratoria<\/strong><\/p>\n<\/div><\/div><\/div><div class=\"fusion-layout-column fusion_builder_column fusion-builder-column-6 fusion_builder_column_1_3 1_3 fusion-flex-column\" style=\"--awb-padding-top:30px;--awb-padding-right:30px;--awb-padding-bottom:15px;--awb-padding-left:30px;--awb-overflow:hidden;--awb-bg-color:var(--awb-color5);--awb-bg-color-hover:var(--awb-color5);--awb-bg-size:cover;--awb-border-radius:15px 15px 15px 15px;--awb-width-large:33.333333333333%;--awb-margin-top-large:0px;--awb-spacing-right-large:5.76%;--awb-margin-bottom-large:30px;--awb-spacing-left-large:5.76%;--awb-width-medium:33.333333333333%;--awb-order-medium:0;--awb-spacing-right-medium:5.76%;--awb-spacing-left-medium:5.76%;--awb-width-small:100%;--awb-order-small:0;--awb-spacing-right-small:1.92%;--awb-spacing-left-small:1.92%;\" data-scroll-devices=\"small-visibility,medium-visibility,large-visibility\"><div class=\"fusion-column-wrapper fusion-column-has-shadow fusion-flex-justify-content-flex-start fusion-content-layout-column\"><div class=\"fusion-image-element \" style=\"--awb-caption-title-font-family:var(--h2_typography-font-family);--awb-caption-title-font-weight:var(--h2_typography-font-weight);--awb-caption-title-font-style:var(--h2_typography-font-style);--awb-caption-title-size:var(--h2_typography-font-size);--awb-caption-title-transform:var(--h2_typography-text-transform);--awb-caption-title-line-height:var(--h2_typography-line-height);--awb-caption-title-letter-spacing:var(--h2_typography-letter-spacing);\"><span class=\" fusion-imageframe imageframe-none imageframe-6 hover-type-none\" style=\"border-radius:15px;\"><img decoding=\"async\" width=\"500\" height=\"500\" title=\"Fisioter\u00e0pia reumatol\u00f2gica\" src=\"https:\/\/ctmanual.cat\/wp-content\/uploads\/2025\/11\/Fisioterapia-reumatologica.jpg\" alt class=\"img-responsive wp-image-329\" srcset=\"https:\/\/ctmanual.cat\/wp-content\/uploads\/2025\/11\/Fisioterapia-reumatologica-200x200.jpg 200w, https:\/\/ctmanual.cat\/wp-content\/uploads\/2025\/11\/Fisioterapia-reumatologica-400x400.jpg 400w, https:\/\/ctmanual.cat\/wp-content\/uploads\/2025\/11\/Fisioterapia-reumatologica.jpg 500w\" sizes=\"(max-width: 640px) 100vw, 500px\" \/><\/span><\/div><div class=\"fusion-text fusion-text-7\" style=\"--awb-font-size:28px;--awb-text-color:var(--awb-color1);--awb-margin-top:20px;\"><p style=\"text-align: center;\"><strong>Fisioterapia<\/strong><br \/>\n<strong>reumatol\u00f3gica<\/strong><\/p>\n<\/div><\/div><\/div><div class=\"fusion-layout-column fusion_builder_column fusion-builder-column-7 fusion_builder_column_1_3 1_3 fusion-flex-column\" style=\"--awb-padding-top:30px;--awb-padding-right:30px;--awb-padding-bottom:15px;--awb-padding-left:30px;--awb-overflow:hidden;--awb-bg-color:var(--awb-color5);--awb-bg-color-hover:var(--awb-color5);--awb-bg-size:cover;--awb-border-radius:15px 15px 15px 15px;--awb-width-large:33.333333333333%;--awb-margin-top-large:0px;--awb-spacing-right-large:5.76%;--awb-margin-bottom-large:30px;--awb-spacing-left-large:5.76%;--awb-width-medium:33.333333333333%;--awb-order-medium:0;--awb-spacing-right-medium:5.76%;--awb-spacing-left-medium:5.76%;--awb-width-small:100%;--awb-order-small:0;--awb-spacing-right-small:1.92%;--awb-spacing-left-small:1.92%;\" data-scroll-devices=\"small-visibility,medium-visibility,large-visibility\"><div class=\"fusion-column-wrapper fusion-column-has-shadow fusion-flex-justify-content-flex-start fusion-content-layout-column\"><div class=\"fusion-image-element \" style=\"--awb-caption-title-font-family:var(--h2_typography-font-family);--awb-caption-title-font-weight:var(--h2_typography-font-weight);--awb-caption-title-font-style:var(--h2_typography-font-style);--awb-caption-title-size:var(--h2_typography-font-size);--awb-caption-title-transform:var(--h2_typography-text-transform);--awb-caption-title-line-height:var(--h2_typography-line-height);--awb-caption-title-letter-spacing:var(--h2_typography-letter-spacing);\"><span class=\" fusion-imageframe imageframe-none imageframe-7 hover-type-none\" style=\"border-radius:15px;\"><img decoding=\"async\" width=\"500\" height=\"500\" title=\"Fisioter\u00e0pia geri\u00e0trica\" src=\"https:\/\/ctmanual.cat\/wp-content\/uploads\/2025\/11\/Fisioterapia-geriatrica.jpeg\" alt class=\"img-responsive wp-image-330\" srcset=\"https:\/\/ctmanual.cat\/wp-content\/uploads\/2025\/11\/Fisioterapia-geriatrica-200x200.jpeg 200w, https:\/\/ctmanual.cat\/wp-content\/uploads\/2025\/11\/Fisioterapia-geriatrica-400x400.jpeg 400w, https:\/\/ctmanual.cat\/wp-content\/uploads\/2025\/11\/Fisioterapia-geriatrica.jpeg 500w\" sizes=\"(max-width: 640px) 100vw, 500px\" \/><\/span><\/div><div class=\"fusion-text fusion-text-8\" style=\"--awb-font-size:28px;--awb-text-color:var(--awb-color1);--awb-margin-top:20px;\"><p style=\"text-align: center;\"><strong>Fisioterapia<\/strong><br \/>\n<strong>geri\u00e1trica<\/strong><\/p>\n<\/div><\/div><\/div><div class=\"fusion-layout-column fusion_builder_column fusion-builder-column-8 fusion_builder_column_1_3 1_3 fusion-flex-column\" style=\"--awb-padding-top:30px;--awb-padding-right:30px;--awb-padding-bottom:15px;--awb-padding-left:30px;--awb-overflow:hidden;--awb-bg-color:var(--awb-color5);--awb-bg-color-hover:var(--awb-color5);--awb-bg-size:cover;--awb-border-radius:15px 15px 15px 15px;--awb-width-large:33.333333333333%;--awb-margin-top-large:0px;--awb-spacing-right-large:5.76%;--awb-margin-bottom-large:30px;--awb-spacing-left-large:5.76%;--awb-width-medium:33.333333333333%;--awb-order-medium:0;--awb-spacing-right-medium:5.76%;--awb-spacing-left-medium:5.76%;--awb-width-small:100%;--awb-order-small:0;--awb-spacing-right-small:1.92%;--awb-spacing-left-small:1.92%;\" data-scroll-devices=\"small-visibility,medium-visibility,large-visibility\"><div class=\"fusion-column-wrapper fusion-column-has-shadow fusion-flex-justify-content-flex-start fusion-content-layout-column\"><div class=\"fusion-image-element \" style=\"--awb-caption-title-font-family:var(--h2_typography-font-family);--awb-caption-title-font-weight:var(--h2_typography-font-weight);--awb-caption-title-font-style:var(--h2_typography-font-style);--awb-caption-title-size:var(--h2_typography-font-size);--awb-caption-title-transform:var(--h2_typography-text-transform);--awb-caption-title-line-height:var(--h2_typography-line-height);--awb-caption-title-letter-spacing:var(--h2_typography-letter-spacing);\"><span class=\" fusion-imageframe imageframe-none imageframe-8 hover-type-none\" style=\"border-radius:15px;\"><img decoding=\"async\" width=\"500\" height=\"500\" title=\"Drenatge limf\u00e0tic\" src=\"https:\/\/ctmanual.cat\/wp-content\/uploads\/2025\/11\/Drenatge-limfatic.jpg\" alt class=\"img-responsive wp-image-331\" srcset=\"https:\/\/ctmanual.cat\/wp-content\/uploads\/2025\/11\/Drenatge-limfatic-200x200.jpg 200w, https:\/\/ctmanual.cat\/wp-content\/uploads\/2025\/11\/Drenatge-limfatic-400x400.jpg 400w, https:\/\/ctmanual.cat\/wp-content\/uploads\/2025\/11\/Drenatge-limfatic.jpg 500w\" sizes=\"(max-width: 640px) 100vw, 500px\" \/><\/span><\/div><div class=\"fusion-text fusion-text-9\" style=\"--awb-font-size:28px;--awb-text-color:var(--awb-color1);--awb-margin-top:20px;\"><p style=\"text-align: center;\"><strong>Drenaje<br \/>\nlinf\u00e1ctico<\/strong><\/p>\n<\/div><\/div><\/div><div class=\"fusion-layout-column fusion_builder_column fusion-builder-column-9 fusion_builder_column_1_3 1_3 fusion-flex-column\" style=\"--awb-padding-top:30px;--awb-padding-right:30px;--awb-padding-bottom:15px;--awb-padding-left:30px;--awb-overflow:hidden;--awb-bg-color:var(--awb-color5);--awb-bg-color-hover:var(--awb-color5);--awb-bg-size:cover;--awb-border-radius:15px 15px 15px 15px;--awb-width-large:33.333333333333%;--awb-margin-top-large:0px;--awb-spacing-right-large:5.76%;--awb-margin-bottom-large:30px;--awb-spacing-left-large:5.76%;--awb-width-medium:33.333333333333%;--awb-order-medium:0;--awb-spacing-right-medium:5.76%;--awb-spacing-left-medium:5.76%;--awb-width-small:100%;--awb-order-small:0;--awb-spacing-right-small:1.92%;--awb-spacing-left-small:1.92%;\" data-scroll-devices=\"small-visibility,medium-visibility,large-visibility\"><div class=\"fusion-column-wrapper fusion-column-has-shadow fusion-flex-justify-content-flex-start fusion-content-layout-column\"><div class=\"fusion-image-element \" style=\"--awb-caption-title-font-family:var(--h2_typography-font-family);--awb-caption-title-font-weight:var(--h2_typography-font-weight);--awb-caption-title-font-style:var(--h2_typography-font-style);--awb-caption-title-size:var(--h2_typography-font-size);--awb-caption-title-transform:var(--h2_typography-text-transform);--awb-caption-title-line-height:var(--h2_typography-line-height);--awb-caption-title-letter-spacing:var(--h2_typography-letter-spacing);\"><span class=\" fusion-imageframe imageframe-none imageframe-9 hover-type-none\" style=\"border-radius:15px;\"><img decoding=\"async\" width=\"500\" height=\"500\" title=\"Punci\u00f3 seca\" src=\"https:\/\/ctmanual.cat\/wp-content\/uploads\/2025\/11\/Puncio-seca.jpg\" alt class=\"img-responsive wp-image-332\" srcset=\"https:\/\/ctmanual.cat\/wp-content\/uploads\/2025\/11\/Puncio-seca-200x200.jpg 200w, https:\/\/ctmanual.cat\/wp-content\/uploads\/2025\/11\/Puncio-seca-400x400.jpg 400w, https:\/\/ctmanual.cat\/wp-content\/uploads\/2025\/11\/Puncio-seca.jpg 500w\" sizes=\"(max-width: 640px) 100vw, 500px\" \/><\/span><\/div><div class=\"fusion-text fusion-text-10\" style=\"--awb-font-size:28px;--awb-text-color:var(--awb-color1);--awb-margin-top:20px;\"><p style=\"text-align: center;\"><strong>Punci\u00f3n<br \/>\nseca<\/strong><\/p>\n<\/div><\/div><\/div><div class=\"fusion-layout-column fusion_builder_column fusion-builder-column-10 fusion_builder_column_1_3 1_3 fusion-flex-column\" style=\"--awb-padding-top:30px;--awb-padding-right:30px;--awb-padding-bottom:15px;--awb-padding-left:30px;--awb-overflow:hidden;--awb-bg-color:var(--awb-color5);--awb-bg-color-hover:var(--awb-color5);--awb-bg-size:cover;--awb-border-radius:15px 15px 15px 15px;--awb-width-large:33.333333333333%;--awb-margin-top-large:0px;--awb-spacing-right-large:5.76%;--awb-margin-bottom-large:30px;--awb-spacing-left-large:5.76%;--awb-width-medium:33.333333333333%;--awb-order-medium:0;--awb-spacing-right-medium:5.76%;--awb-spacing-left-medium:5.76%;--awb-width-small:100%;--awb-order-small:0;--awb-spacing-right-small:1.92%;--awb-spacing-left-small:1.92%;\" data-scroll-devices=\"small-visibility,medium-visibility,large-visibility\"><div class=\"fusion-column-wrapper fusion-column-has-shadow fusion-flex-justify-content-flex-start fusion-content-layout-column\"><div class=\"fusion-image-element \" style=\"--awb-caption-title-font-family:var(--h2_typography-font-family);--awb-caption-title-font-weight:var(--h2_typography-font-weight);--awb-caption-title-font-style:var(--h2_typography-font-style);--awb-caption-title-size:var(--h2_typography-font-size);--awb-caption-title-transform:var(--h2_typography-text-transform);--awb-caption-title-line-height:var(--h2_typography-line-height);--awb-caption-title-letter-spacing:var(--h2_typography-letter-spacing);\"><span class=\" fusion-imageframe imageframe-none imageframe-10 hover-type-none\" style=\"border-radius:15px;\"><img decoding=\"async\" width=\"500\" height=\"500\" title=\"Embenats funcionals i kinesiotape\" src=\"https:\/\/ctmanual.cat\/wp-content\/uploads\/2025\/11\/Embenats-funcionals-i-kinesiotape.jpg\" alt class=\"img-responsive wp-image-333\" srcset=\"https:\/\/ctmanual.cat\/wp-content\/uploads\/2025\/11\/Embenats-funcionals-i-kinesiotape-200x200.jpg 200w, https:\/\/ctmanual.cat\/wp-content\/uploads\/2025\/11\/Embenats-funcionals-i-kinesiotape-400x400.jpg 400w, https:\/\/ctmanual.cat\/wp-content\/uploads\/2025\/11\/Embenats-funcionals-i-kinesiotape.jpg 500w\" sizes=\"(max-width: 640px) 100vw, 500px\" \/><\/span><\/div><div class=\"fusion-text fusion-text-11\" style=\"--awb-font-size:28px;--awb-text-color:var(--awb-color1);--awb-margin-top:20px;\"><p style=\"text-align: center;\"><strong>Vendajes funcionales<br \/>\n<\/strong><strong>y kinesiotape<\/strong><\/p>\n<\/div><\/div><\/div><\/div><\/div>\n","protected":false},"excerpt":{"rendered":"","protected":false},"author":1,"featured_media":0,"parent":0,"menu_order":0,"comment_status":"closed","ping_status":"open","template":"100-width.php","meta":{"footnotes":""},"class_list":["post-334","page","type-page","status-publish","hentry"],"_links":{"self":[{"href":"https:\/\/ctmanual.cat\/es\/wp-json\/wp\/v2\/pages\/334","targetHints":{"allow":["GET"]}}],"collection":[{"href":"https:\/\/ctmanual.cat\/es\/wp-json\/wp\/v2\/pages"}],"about":[{"href":"https:\/\/ctmanual.cat\/es\/wp-json\/wp\/v2\/types\/page"}],"author":[{"embeddable":true,"href":"https:\/\/ctmanual.cat\/es\/wp-json\/wp\/v2\/users\/1"}],"replies":[{"embeddable":true,"href":"https:\/\/ctmanual.cat\/es\/wp-json\/wp\/v2\/comments?post=334"}],"version-history":[{"count":4,"href":"https:\/\/ctmanual.cat\/es\/wp-json\/wp\/v2\/pages\/334\/revisions"}],"predecessor-version":[{"id":348,"href":"https:\/\/ctmanual.cat\/es\/wp-json\/wp\/v2\/pages\/334\/revisions\/348"}],"wp:attachment":[{"href":"https:\/\/ctmanual.cat\/es\/wp-json\/wp\/v2\/media?parent=334"}],"curies":[{"name":"wp","href":"https:\/\/api.w.org\/{rel}","templated":true}]}}